{"id":1943,"date":"2024-06-25T09:15:01","date_gmt":"2024-06-25T09:15:01","guid":{"rendered":"https:\/\/tii.ee\/contact\/"},"modified":"2026-04-13T12:23:29","modified_gmt":"2026-04-13T12:23:29","slug":"contact","status":"publish","type":"page","link":"https:\/\/tii.ee\/en\/contact\/","title":{"rendered":"Contact"},"content":{"rendered":"\n<style type=\"text\/css\" data-created_by=\"avia_inline_auto\" id=\"style-css-av-87axh-9413fe1241e4fb0b7d33da33b1a318fd\">\n.avia-section.av-87axh-9413fe1241e4fb0b7d33da33b1a318fd{\nbackground-repeat:no-repeat;\nbackground-image:url(https:\/\/tii.ee\/wp-content\/uploads\/2025\/09\/20250917_1853462-scaled.jpg);\nbackground-position:50% 50%;\nbackground-attachment:scroll;\n}\n.avia-section.av-87axh-9413fe1241e4fb0b7d33da33b1a318fd .av-section-color-overlay{\nopacity:0.3;\nbackground-color:#000000;\n}\n<\/style>\n<div id='av_section_1'  class='avia-section av-87axh-9413fe1241e4fb0b7d33da33b1a318fd main_color avia-section-default avia-no-border-styling  avia-builder-el-0  el_before_av_textblock  avia-builder-el-first  alamlehe-color-section avia-full-stretch avia-bg-style-scroll av-section-color-overlay-active av-minimum-height av-minimum-height-50 av-height-percent  container_wrap sidebar_right'  data-section-bg-repeat='stretch' data-av_minimum_height_pc='50' data-av_min_height_opt='percent'><div class=\"av-section-color-overlay-wrap\"><div class=\"av-section-color-overlay\"><\/div><div class='container av-section-cont-open' ><main  role=\"main\" itemprop=\"mainContentOfPage\"  class='template-page content  av-content-small alpha units'><div class='post-entry post-entry-type-page post-entry-1943'><div class='entry-content-wrapper clearfix'>\n\n<style type=\"text\/css\" data-created_by=\"avia_inline_auto\" id=\"style-css-av-m1f2wxic-c65217cecb1aa7b556a501fde9dce181\">\n#top .av-special-heading.av-m1f2wxic-c65217cecb1aa7b556a501fde9dce181{\npadding-bottom:10px;\ncolor:#ffffff;\nfont-size:62px;\n}\nbody .av-special-heading.av-m1f2wxic-c65217cecb1aa7b556a501fde9dce181 .av-special-heading-tag .heading-char{\nfont-size:25px;\n}\n#top #wrap_all .av-special-heading.av-m1f2wxic-c65217cecb1aa7b556a501fde9dce181 .av-special-heading-tag{\nfont-size:62px;\n}\n.av-special-heading.av-m1f2wxic-c65217cecb1aa7b556a501fde9dce181 .special-heading-inner-border{\nborder-color:#ffffff;\n}\n.av-special-heading.av-m1f2wxic-c65217cecb1aa7b556a501fde9dce181 .av-subheading{\nfont-size:15px;\n}\n\n@media only screen and (min-width: 480px) and (max-width: 767px){ \n#top #wrap_all .av-special-heading.av-m1f2wxic-c65217cecb1aa7b556a501fde9dce181 .av-special-heading-tag{\nfont-size:0.8em;\n}\n}\n\n@media only screen and (max-width: 479px){ \n#top #wrap_all .av-special-heading.av-m1f2wxic-c65217cecb1aa7b556a501fde9dce181 .av-special-heading-tag{\nfont-size:0.8em;\n}\n}\n<\/style>\n<div  class='av-special-heading av-m1f2wxic-c65217cecb1aa7b556a501fde9dce181 av-special-heading-h1 custom-color-heading blockquote modern-quote modern-centered  avia-builder-el-1  avia-builder-el-no-sibling  color-section-page av-inherit-size'><h1 class='av-special-heading-tag'  itemprop=\"headline\"  >Contact<\/h1><div class=\"special-heading-border\"><div class=\"special-heading-inner-border\"><\/div><\/div><\/div>\n<\/div><\/div><\/main><!-- close content main element --><\/div><\/div><\/div><div id='after_section_1'  class='main_color av_default_container_wrap container_wrap sidebar_right'  ><div class='container av-section-cont-open' ><div class='template-page content  av-content-small alpha units'><div class='post-entry post-entry-type-page post-entry-1943'><div class='entry-content-wrapper clearfix'>\n\n<style type=\"text\/css\" data-created_by=\"avia_inline_auto\" id=\"style-css-av-m1f2ylig-84c0cd8caf82fe9833fc3bc216e9881c\">\n#top .av_textblock_section.av-m1f2ylig-84c0cd8caf82fe9833fc3bc216e9881c .avia_textblock{\nfont-size:22px;\n}\n<\/style>\n<section  class='av_textblock_section av-m1f2ylig-84c0cd8caf82fe9833fc3bc216e9881c '   itemscope=\"itemscope\" itemtype=\"https:\/\/schema.org\/CreativeWork\" ><div class='avia_textblock'  itemprop=\"text\" ><p style=\"text-align: center;\"><strong>T\u00e4histii O\u00dc<\/strong><\/p>\n<p style=\"text-align: center;\">Registration code: 16059352<br \/>\nAddress: T\u00e4histii farm, Kergatsi village, R\u00f5uge municipality, V\u00f5ru County 65117<\/p>\n<\/div><\/section>\n\n<style type=\"text\/css\" data-created_by=\"avia_inline_auto\" id=\"style-css-av-m1opxk3d-3b638c2b248c50bba0cefdbe95fac8a7\">\n#top .hr.hr-invisible.av-m1opxk3d-3b638c2b248c50bba0cefdbe95fac8a7{\nheight:20px;\n}\n<\/style>\n<div  class='hr av-m1opxk3d-3b638c2b248c50bba0cefdbe95fac8a7 hr-invisible  avia-builder-el-3  el_after_av_textblock  el_before_av_one_half  av-desktop-hide'><span class='hr-inner '><span class=\"hr-inner-style\"><\/span><\/span><\/div>\n<div class='flex_column_table av-28qe5-5f62048265833400e2563e47427f2119 sc-av_one_half av-break-at-tablet-flextable av-equal-height-column-flextable'><div  class='flex_column av-28qe5-5f62048265833400e2563e47427f2119 av_one_half  avia-builder-el-4  el_after_av_hr  el_before_av_one_half  first av-break-at-tablet flex_column_table_cell av-equal-height-column av-align-middle av-hide-on-mobile  '     ><section  class='avia-team-member av-m1f307jm-4cb29f9951f912dfe83fe902a4600e69  avia-builder-el-5  avia-builder-el-no-sibling  member-tr av-medium-hide av-small-hide av-mini-hide'  itemscope=\"itemscope\" itemtype=\"https:\/\/schema.org\/Person\" ><div class=\"team-img-container\"><img decoding=\"async\" fetchpriority=\"high\" class='wp-image-1944 avia-img-lazy-loading-not-1944 avia_image avia_image_team av-team-img-original' src=\"https:\/\/tii.ee\/wp-content\/uploads\/2024\/09\/Triin-Roomusoks-2-e1727101366802.jpg\" alt=''  itemprop=\"image\"   height=\"200\" width=\"200\" \/><\/div><div class='team-member-description '  itemprop=\"description\" ><p><b>Triin R\u00f5\u00f5musoks<\/b><br \/>\nAndragogue and co-creation guide<br \/>\nEmail: triin@tii.ee<br \/>\nTel: 5348 7937<\/p>\n<\/div><span class='hidden team-member-affiliation'  itemprop=\"affiliation\" >T\u00e4histii - Sinu teekond. Aitame luua t\u00e4hendusi ja lahendusi.<\/span><\/section><\/div>\n<div class='av-flex-placeholder'><\/div><div  class='flex_column av-czaad-6ed605b8f8d277e4ef7de53420e8fb88 av_one_half  avia-builder-el-6  el_after_av_one_half  el_before_av_section  avia-builder-el-last  av-break-at-tablet flex_column_table_cell av-equal-height-column av-align-middle av-hide-on-mobile  '     ><section  class='avia-team-member av-9nhsd-21978a853ed9e1c55ca76b388b72cb12  avia-builder-el-7  avia-builder-el-no-sibling  member-ka av-medium-hide av-small-hide av-mini-hide'  itemscope=\"itemscope\" itemtype=\"https:\/\/schema.org\/Person\" ><div class=\"team-img-container\"><img decoding=\"async\" fetchpriority=\"high\" class='wp-image-1840 avia-img-lazy-loading-not-1840 avia_image avia_image_team av-team-img-original' src=\"https:\/\/tii.ee\/wp-content\/uploads\/2024\/09\/Kaarel-Simson-1-e1727101151756.jpg\" alt=''  itemprop=\"image\"   height=\"200\" width=\"200\" \/><\/div><div class='team-member-description '  itemprop=\"description\" ><p><b>Kaarel Simson<\/b><br \/>\nAccreditation and certification guide<br \/>\nEmail: kaarel@tii.ee<br \/>\nTel: 5836 0825<\/p>\n<\/div><span class='hidden team-member-affiliation'  itemprop=\"affiliation\" >T\u00e4histii - Sinu teekond. Aitame luua t\u00e4hendusi ja lahendusi.<\/span><\/section><\/div><\/div><!--close column table wrapper. Autoclose: 1 -->\n<\/div><\/div><\/div><!-- close content main div --><\/div><\/div>\n<style type=\"text\/css\" data-created_by=\"avia_inline_auto\" id=\"style-css-av-m1g34h1i-65322d7ce545ab80ae2560b2d9efcbcf\">\n.avia-section.av-m1g34h1i-65322d7ce545ab80ae2560b2d9efcbcf{\nbackground-color:#ebe3db;\nbackground-image:unset;\n}\n<\/style>\n<div id='av_section_2'  class='avia-section av-m1g34h1i-65322d7ce545ab80ae2560b2d9efcbcf main_color avia-section-default avia-no-border-styling  avia-builder-el-8  el_after_av_one_half  avia-builder-el-last  avia-bg-style-scroll container_wrap sidebar_right'  ><div class='container av-section-cont-open' ><div class='template-page content  av-content-small alpha units'><div class='post-entry post-entry-type-page post-entry-1943'><div class='entry-content-wrapper clearfix'>\n\n<style type=\"text\/css\" data-created_by=\"avia_inline_auto\" id=\"style-css-av-m1g35vs1-48eea1690ad4e34818ce00b8c407ed89\">\n#top .av-special-heading.av-m1g35vs1-48eea1690ad4e34818ce00b8c407ed89{\npadding-bottom:10px;\n}\nbody .av-special-heading.av-m1g35vs1-48eea1690ad4e34818ce00b8c407ed89 .av-special-heading-tag .heading-char{\nfont-size:25px;\n}\n.av-special-heading.av-m1g35vs1-48eea1690ad4e34818ce00b8c407ed89 .av-subheading{\nfont-size:15px;\n}\n<\/style>\n<div  class='av-special-heading av-m1g35vs1-48eea1690ad4e34818ce00b8c407ed89 av-special-heading-h2 blockquote modern-quote modern-centered  avia-builder-el-9  el_before_av_hr  avia-builder-el-first  kontakt-h2'><h2 class='av-special-heading-tag'  itemprop=\"headline\"  >Get in touch<\/h2><div class=\"special-heading-border\"><div class=\"special-heading-inner-border\"><\/div><\/div><\/div>\n\n<style type=\"text\/css\" data-created_by=\"avia_inline_auto\" id=\"style-css-av-m1g5ojmg-ed08666b4b61f3b002eac60fe5a2bfdc\">\n#top .hr.hr-invisible.av-m1g5ojmg-ed08666b4b61f3b002eac60fe5a2bfdc{\nheight:30px;\n}\n<\/style>\n<div  class='hr av-m1g5ojmg-ed08666b4b61f3b002eac60fe5a2bfdc hr-invisible  avia-builder-el-10  el_after_av_heading  el_before_av_one_fourth '><span class='hr-inner '><span class=\"hr-inner-style\"><\/span><\/span><\/div>\n<div  class='flex_column av-kupzp-658c07e8d9d70cf0e818261dda87f601 av_one_fourth  avia-builder-el-11  el_after_av_hr  el_before_av_one_half  first flex_column_div  '     ><\/div><div  class='flex_column av-hoae5-1ec1696d9cb5872f98913c8d334838d4 av_one_half  avia-builder-el-12  el_after_av_one_fourth  el_before_av_one_fourth  flex_column_div  '     ><form action=\"https:\/\/tii.ee\/en\/contact\/\" method=\"post\" data-fields-with-error=\"Found errors in the following field(s):\" class=\"avia_ajax_form av-form-labels-hidden   avia-builder-el-13  avia-builder-el-no-sibling  kontaktivorm  \" data-avia-form-id=\"1\" data-avia-redirect='' ><fieldset><p class='  first_form  form_element form_fullwidth' id='element_avia_1_1'><label for=\"avia_1_1\">Name <abbr class=\"required\" title=\"required\">*<\/abbr><\/label> <input name=\"avia_1_1\" class=\"text_input is_empty\" type=\"text\" id=\"avia_1_1\" value=\"\"  placeholder='Name*'\/><\/p><p class='  first_form  form_element form_element_half' id='element_avia_2_1'><label for=\"avia_2_1\">Email <abbr class=\"required\" title=\"required\">*<\/abbr><\/label> <input name=\"avia_2_1\" class=\"text_input is_email\" type=\"text\" id=\"avia_2_1\" value=\"\"  placeholder='Email*'\/><\/p><p class='  form_element form_element_half' id='element_avia_3_1'><label for=\"avia_3_1\">Phone <abbr class=\"required\" title=\"required\">*<\/abbr><\/label> <input name=\"avia_3_1\" class=\"text_input is_phone\" type=\"text\" id=\"avia_3_1\" value=\"\"  placeholder='Phone*'\/><\/p><p class='  first_form  form_element form_fullwidth' id='element_avia_4_1'><label for=\"avia_4_1\" class=\"textare_label hidden textare_label_avia_4_1\">Message <abbr class=\"required\" title=\"required\">*<\/abbr><\/label><textarea  placeholder='Message*' name=\"avia_4_1\" class=\"text_area is_empty\" cols=\"40\" rows=\"7\" id=\"avia_4_1\" ><\/textarea><\/p><p class=\"hidden\"><input type=\"text\" name=\"avia_5_1\" class=\"hidden \" id=\"avia_5_1\" value=\"\" \/><\/p><div id='avia_6_1' class='av-recaptcha-area  first_form  form_element form_fullwidth '  data-container_class=\"\" data-custom_class=\"\" data-context=\"av_contact_form\" data-token_input=\"av_recaptcha_token\" data-version=\"avia_recaptcha_v2\" data-theme=\"light\" data-size=\"normal\" data-score=\"0.5\" data-text_to_preview=\"\" data-value=\"\"><div class=\"av-google-badge-message hidden\">This site is protected by reCAPTCHA and the Google <a href=\"https:\/\/policies.google.com\/privacy\">Privacy Policy<\/a> and <a href=\"https:\/\/policies.google.com\/terms\">Terms of Service<\/a> apply.<\/div><\/div><p class=\"form_element \"><input type=\"hidden\" value=\"1\" name=\"avia_generated_form1\" \/><input type=\"submit\" value=\"SEND\" class=\"button\"  data-sending-label=\"Sending\"\/><\/p><\/fieldset><div class=\"avia-disabled-form\">This contact form is deactivated because you refused to accept Google reCaptcha service which is necessary to validate any messages sent by the form.<\/div><\/form><div id=\"ajaxresponse_1\" class=\"ajaxresponse ajaxresponse_1 hidden\"><\/div><\/div><div  class='flex_column av-8dzo5-a088e32b6e09c0170cd24223c217efc4 av_one_fourth  avia-builder-el-14  el_after_av_one_half  avia-builder-el-last  flex_column_div  '     ><\/div>\n<\/div><\/div><\/div><!-- close content main div --><\/div><\/div><div id='after_section_2'  class='main_color av_default_container_wrap container_wrap sidebar_right'  ><div class='container av-section-cont-open' ><div class='template-page content  av-content-small alpha units'><div class='post-entry post-entry-type-page post-entry-1943'><div class='entry-content-wrapper clearfix'>\n","protected":false},"excerpt":{"rendered":"","protected":false},"author":1,"featured_media":0,"parent":0,"menu_order":0,"comment_status":"closed","ping_status":"closed","template":"","meta":{"footnotes":""},"class_list":["post-1943","page","type-page","status-publish","hentry"],"_links":{"self":[{"href":"https:\/\/tii.ee\/en\/wp-json\/wp\/v2\/pages\/1943","targetHints":{"allow":["GET"]}}],"collection":[{"href":"https:\/\/tii.ee\/en\/wp-json\/wp\/v2\/pages"}],"about":[{"href":"https:\/\/tii.ee\/en\/wp-json\/wp\/v2\/types\/page"}],"author":[{"embeddable":true,"href":"https:\/\/tii.ee\/en\/wp-json\/wp\/v2\/users\/1"}],"replies":[{"embeddable":true,"href":"https:\/\/tii.ee\/en\/wp-json\/wp\/v2\/comments?post=1943"}],"version-history":[{"count":3,"href":"https:\/\/tii.ee\/en\/wp-json\/wp\/v2\/pages\/1943\/revisions"}],"predecessor-version":[{"id":1947,"href":"https:\/\/tii.ee\/en\/wp-json\/wp\/v2\/pages\/1943\/revisions\/1947"}],"wp:attachment":[{"href":"https:\/\/tii.ee\/en\/wp-json\/wp\/v2\/media?parent=1943"}],"curies":[{"name":"wp","href":"https:\/\/api.w.org\/{rel}","templated":true}]}}